{"id":322,"date":"2025-08-19T16:38:05","date_gmt":"2025-08-19T19:38:05","guid":{"rendered":"https:\/\/gabsgabs.com.br\/?page_id=322"},"modified":"2025-08-20T13:37:33","modified_gmt":"2025-08-20T16:37:33","slug":"home","status":"publish","type":"page","link":"https:\/\/gabsgabs.com.br\/","title":{"rendered":"HOME"},"content":{"rendered":"\t\t<div data-elementor-type=\"wp-page\" data-elementor-id=\"322\" class=\"elementor elementor-322\">\n\t\t\t\t<div class=\"elementor-element elementor-element-076a3a1 e-flex e-con-boxed e-con e-parent\" data-id=\"076a3a1\" data-element_type=\"container\" data-settings=\"{&quot;background_background&quot;:&quot;classic&quot;}\">\n\t\t\t\t\t<div class=\"e-con-inner\">\n\t\t<div class=\"elementor-element elementor-element-dfb72d8 e-con-full e-flex e-con e-child\" data-id=\"dfb72d8\" data-element_type=\"container\" data-settings=\"{&quot;background_background&quot;:&quot;classic&quot;}\">\n\t\t\t\t<\/div>\n\t\t<div class=\"elementor-element elementor-element-2e03a85 e-con-full e-flex e-con e-child\" data-id=\"2e03a85\" data-element_type=\"container\">\n\t\t\t\t<div class=\"elementor-element elementor-element-4270128 elementor-widget elementor-widget-heading\" data-id=\"4270128\" data-element_type=\"widget\" data-widget_type=\"heading.default\">\n\t\t\t\t\t<h2 class=\"elementor-heading-title elementor-size-default\">EM BREVE<\/h2>\t\t\t\t<\/div>\n\t\t\t\t<div class=\"elementor-element elementor-element-96f2d2e elementor-widget elementor-widget-text-editor\" data-id=\"96f2d2e\" data-element_type=\"widget\" data-widget_type=\"text-editor.default\">\n\t\t\t\t\t\t\t\t\t<p>Loja GabsGabs com solu\u00e7\u00f5es 100% naturais para <strong>sono<\/strong> e <strong>articula\u00e7\u00f5es.<\/strong><\/p>\t\t\t\t\t\t\t\t<\/div>\n\t\t\t\t<div class=\"elementor-element elementor-element-a304f94 elementor-align-right elementor-widget elementor-widget-button\" data-id=\"a304f94\" data-element_type=\"widget\" data-widget_type=\"button.default\">\n\t\t\t\t\t\t\t\t\t\t<a class=\"elementor-button elementor-button-link elementor-size-sm\" href=\"#\">\n\t\t\t\t\t\t<span class=\"elementor-button-content-wrapper\">\n\t\t\t\t\t\t\t\t\t<span class=\"elementor-button-text\">CONHE\u00c7A NOSSOS PRODUTOS<\/span>\n\t\t\t\t\t<\/span>\n\t\t\t\t\t<\/a>\n\t\t\t\t\t\t\t\t<\/div>\n\t\t\t\t<\/div>\n\t\t\t\t\t<\/div>\n\t\t\t\t<\/div>\n\t\t<div class=\"elementor-element elementor-element-f38ff68 e-flex e-con-boxed e-con e-parent\" data-id=\"f38ff68\" data-element_type=\"container\">\n\t\t\t\t\t<div class=\"e-con-inner\">\n\t\t\t\t<div class=\"elementor-element elementor-element-7700c43 elementor-widget elementor-widget-spacer\" data-id=\"7700c43\" data-element_type=\"widget\" data-widget_type=\"spacer.default\">\n\t\t\t\t\t\t\t<div class=\"elementor-spacer\">\n\t\t\t<div class=\"elementor-spacer-inner\"><\/div>\n\t\t<\/div>\n\t\t\t\t\t\t<\/div>\n\t\t\t\t\t<\/div>\n\t\t\t\t<\/div>\n\t\t<div class=\"elementor-element elementor-element-a3c6d5b e-flex e-con-boxed e-con e-parent\" data-id=\"a3c6d5b\" data-element_type=\"container\">\n\t\t\t\t\t<div class=\"e-con-inner\">\n\t\t\t\t<div class=\"elementor-element elementor-element-5e2bbbf elementor-widget__width-inherit elementor-widget elementor-widget-heading\" data-id=\"5e2bbbf\" data-element_type=\"widget\" data-widget_type=\"heading.default\">\n\t\t\t\t\t<h2 class=\"elementor-heading-title elementor-size-default\">Adicione o texto do seu t\u00edtulo aqui<\/h2>\t\t\t\t<\/div>\n\t\t\t\t\t<\/div>\n\t\t\t\t<\/div>\n\t\t<div class=\"elementor-element elementor-element-23d8cbb e-flex e-con-boxed e-con e-parent\" data-id=\"23d8cbb\" data-element_type=\"container\">\n\t\t\t\t\t<div class=\"e-con-inner\">\n\t\t<div class=\"elementor-element elementor-element-6d9e37e e-con-full e-flex e-con e-child\" data-id=\"6d9e37e\" data-element_type=\"container\">\n\t\t\t\t<div class=\"elementor-element elementor-element-6a09160 elementor-widget elementor-widget-heading\" data-id=\"6a09160\" data-element_type=\"widget\" data-widget_type=\"heading.default\">\n\t\t\t\t\t<h2 class=\"elementor-heading-title elementor-size-default\">Adicione o texto do seu t\u00edtulo aqui<\/h2>\t\t\t\t<\/div>\n\t\t\t\t<div class=\"elementor-element elementor-element-5695014 elementor-widget elementor-widget-text-editor\" data-id=\"5695014\" data-element_type=\"widget\" data-widget_type=\"text-editor.default\">\n\t\t\t\t\t\t\t\t\t<p>Loja GabsGabs com solu\u00e7\u00f5es 100% naturais para <strong>sono<\/strong> e <strong>articula\u00e7\u00f5es.<\/strong><\/p>\t\t\t\t\t\t\t\t<\/div>\n\t\t\t\t<\/div>\n\t\t<div class=\"elementor-element elementor-element-621b296 e-con-full e-flex e-con e-child\" data-id=\"621b296\" data-element_type=\"container\">\n\t\t\t\t<div class=\"elementor-element elementor-element-1209072 elementor-widget elementor-widget-image\" data-id=\"1209072\" data-element_type=\"widget\" data-widget_type=\"image.default\">\n\t\t\t\t\t\t\t\t\t\t\t\t\t\t\t<img fetchpriority=\"high\" decoding=\"async\" width=\"525\" height=\"599\" src=\"https:\/\/gabsgabs.com.br\/wp-content\/uploads\/2025\/08\/1-1.png\" class=\"attachment-large size-large wp-image-425\" alt=\"\" srcset=\"https:\/\/gabsgabs.com.br\/wp-content\/uploads\/2025\/08\/1-1.png 640w, https:\/\/gabsgabs.com.br\/wp-content\/uploads\/2025\/08\/1-1-263x300.png 263w, https:\/\/gabsgabs.com.br\/wp-content\/uploads\/2025\/08\/1-1-350x399.png 350w\" sizes=\"100vw\" \/>\t\t\t\t\t\t\t\t\t\t\t\t\t\t\t<\/div>\n\t\t\t\t<\/div>\n\t\t\t\t\t<\/div>\n\t\t\t\t<\/div>\n\t\t\t\t<\/div>\n\t\t","protected":false},"excerpt":{"rendered":"<p>EM BREVE Loja GabsGabs com solu\u00e7\u00f5es 100% naturais para sono e articula\u00e7\u00f5es. CONHE\u00c7A NOSSOS PRODUTOS Adicione o texto do seu t\u00edtulo aqui Adicione o texto do seu t\u00edtulo aqui Loja GabsGabs com solu\u00e7\u00f5es 100% naturais para sono e articula\u00e7\u00f5es.<\/p>\n","protected":false},"author":1,"featured_media":0,"parent":0,"menu_order":0,"comment_status":"closed","ping_status":"closed","template":"","meta":{"footnotes":""},"class_list":["post-322","page","type-page","status-publish","hentry"],"_links":{"self":[{"href":"https:\/\/gabsgabs.com.br\/index.php?rest_route=\/wp\/v2\/pages\/322","targetHints":{"allow":["GET"]}}],"collection":[{"href":"https:\/\/gabsgabs.com.br\/index.php?rest_route=\/wp\/v2\/pages"}],"about":[{"href":"https:\/\/gabsgabs.com.br\/index.php?rest_route=\/wp\/v2\/types\/page"}],"author":[{"embeddable":true,"href":"https:\/\/gabsgabs.com.br\/index.php?rest_route=\/wp\/v2\/users\/1"}],"replies":[{"embeddable":true,"href":"https:\/\/gabsgabs.com.br\/index.php?rest_route=%2Fwp%2Fv2%2Fcomments&post=322"}],"version-history":[{"count":85,"href":"https:\/\/gabsgabs.com.br\/index.php?rest_route=\/wp\/v2\/pages\/322\/revisions"}],"predecessor-version":[{"id":428,"href":"https:\/\/gabsgabs.com.br\/index.php?rest_route=\/wp\/v2\/pages\/322\/revisions\/428"}],"wp:attachment":[{"href":"https:\/\/gabsgabs.com.br\/index.php?rest_route=%2Fwp%2Fv2%2Fmedia&parent=322"}],"curies":[{"name":"wp","href":"https:\/\/api.w.org\/{rel}","templated":true}]}}